{"id":1196,"date":"2021-11-25T11:36:05","date_gmt":"2021-11-25T10:36:05","guid":{"rendered":"https:\/\/www.banovinahorosan.com\/wordpress\/?page_id=1196"},"modified":"2023-10-25T12:29:52","modified_gmt":"2023-10-25T11:29:52","slug":"materijali","status":"publish","type":"page","link":"https:\/\/www.banovinahorosan.com\/?page_id=1196","title":{"rendered":"MATERIJALI"},"content":{"rendered":"\t\t<div data-elementor-type=\"wp-page\" data-elementor-id=\"1196\" class=\"elementor elementor-1196\">\n\t\t\t\t\t\t<section class=\"elementor-section elementor-top-section elementor-element elementor-element-3769283 elementor-section-boxed elementor-section-height-default elementor-section-height-default\" data-id=\"3769283\" data-element_type=\"section\" data-e-type=\"section\">\n\t\t\t\t\t\t<div class=\"elementor-container elementor-column-gap-default\">\n\t\t\t\t\t<div class=\"elementor-column elementor-col-100 elementor-top-column elementor-element elementor-element-2ab700a\" data-id=\"2ab700a\" data-element_type=\"column\" data-e-type=\"column\">\n\t\t\t<div class=\"elementor-widget-wrap\">\n\t\t\t\t\t\t\t<\/div>\n\t\t<\/div>\n\t\t\t\t\t<\/div>\n\t\t<\/section>\n\t\t\t\t<section class=\"elementor-section elementor-top-section elementor-element elementor-element-1ca9b56 elementor-section-boxed elementor-section-height-default elementor-section-height-default\" data-id=\"1ca9b56\" data-element_type=\"section\" data-e-type=\"section\">\n\t\t\t\t\t\t<div class=\"elementor-container elementor-column-gap-default\">\n\t\t\t\t\t<div class=\"elementor-column elementor-col-100 elementor-top-column elementor-element elementor-element-d6512f2\" data-id=\"d6512f2\" data-element_type=\"column\" data-e-type=\"column\">\n\t\t\t<div class=\"elementor-widget-wrap\">\n\t\t\t\t\t\t\t<\/div>\n\t\t<\/div>\n\t\t\t\t\t<\/div>\n\t\t<\/section>\n\t\t\t\t<section class=\"elementor-section elementor-top-section elementor-element elementor-element-d3f70d3 elementor-section-boxed elementor-section-height-default elementor-section-height-default\" data-id=\"d3f70d3\" data-element_type=\"section\" data-e-type=\"section\">\n\t\t\t\t\t\t<div class=\"elementor-container elementor-column-gap-default\">\n\t\t\t\t\t<div class=\"elementor-column elementor-col-100 elementor-top-column elementor-element elementor-element-ee8752f\" data-id=\"ee8752f\" data-element_type=\"column\" data-e-type=\"column\">\n\t\t\t<div class=\"elementor-widget-wrap\">\n\t\t\t\t\t\t\t<\/div>\n\t\t<\/div>\n\t\t\t\t\t<\/div>\n\t\t<\/section>\n\t\t\t\t<section class=\"elementor-section elementor-top-section elementor-element elementor-element-ea45026 elementor-section-boxed elementor-section-height-default elementor-section-height-default\" data-id=\"ea45026\" data-element_type=\"section\" data-e-type=\"section\">\n\t\t\t\t\t\t<div class=\"elementor-container elementor-column-gap-default\">\n\t\t\t\t\t<div class=\"elementor-column elementor-col-100 elementor-top-column elementor-element elementor-element-253f557\" data-id=\"253f557\" data-element_type=\"column\" data-e-type=\"column\">\n\t\t\t<div class=\"elementor-widget-wrap\">\n\t\t\t\t\t\t\t<\/div>\n\t\t<\/div>\n\t\t\t\t\t<\/div>\n\t\t<\/section>\n\t\t\t\t<section class=\"elementor-section elementor-top-section elementor-element elementor-element-b209789 elementor-section-boxed elementor-section-height-default elementor-section-height-default\" data-id=\"b209789\" data-element_type=\"section\" data-e-type=\"section\">\n\t\t\t\t\t\t<div class=\"elementor-container elementor-column-gap-default\">\n\t\t\t\t\t<div class=\"elementor-column elementor-col-100 elementor-top-column elementor-element elementor-element-adbcf45\" data-id=\"adbcf45\" data-element_type=\"column\" data-e-type=\"column\">\n\t\t\t<div class=\"elementor-widget-wrap elementor-element-populated\">\n\t\t\t\t\t\t<div class=\"elementor-element elementor-element-9c30372 elementor-widget elementor-widget-heading\" data-id=\"9c30372\" data-element_type=\"widget\" data-e-type=\"widget\" data-widget_type=\"heading.default\">\n\t\t\t\t<div class=\"elementor-widget-container\">\n\t\t\t\t\t<h2 class=\"elementor-heading-title elementor-size-default\">DOGA\u0110AJI<\/h2>\t\t\t\t<\/div>\n\t\t\t\t<\/div>\n\t\t\t\t\t<\/div>\n\t\t<\/div>\n\t\t\t\t\t<\/div>\n\t\t<\/section>\n\t\t\t\t<\/div>\n\t\t","protected":false},"excerpt":{"rendered":"<p>DOGA\u0110AJI<\/p>\n","protected":false},"author":1,"featured_media":0,"parent":0,"menu_order":0,"comment_status":"closed","ping_status":"closed","template":"","meta":{"_uag_custom_page_level_css":"","site-sidebar-layout":"no-sidebar","site-content-layout":"page-builder","ast-site-content-layout":"default","site-content-style":"default","site-sidebar-style":"default","ast-global-header-display":"","ast-banner-title-visibility":"","ast-main-header-display":"","ast-hfb-above-header-display":"","ast-hfb-below-header-display":"","ast-hfb-mobile-header-display":"","site-post-title":"disabled","ast-breadcrumbs-content":"","ast-featured-img":"disabled","footer-sml-layout":"","ast-disable-related-posts":"","theme-transparent-header-meta":"enabled","adv-header-id-meta":"","stick-header-meta":"","header-above-stick-meta":"","header-main-stick-meta":"","header-below-stick-meta":"","astra-migrate-meta-layouts":"default","ast-page-background-enabled":"default","ast-page-background-meta":{"desktop":{"background-color":"","background-image":"","background-repeat":"repeat","background-position":"center center","background-size":"auto","background-attachment":"scroll","background-type":"","background-media":"","overlay-type":"","overlay-color":"","overlay-opacity":"","overlay-gradient":""},"tablet":{"background-color":"","background-image":"","background-repeat":"repeat","background-position":"center center","background-size":"auto","background-attachment":"scroll","background-type":"","background-media":"","overlay-type":"","overlay-color":"","overlay-opacity":"","overlay-gradient":""},"mobile":{"background-color":"","background-image":"","background-repeat":"repeat","background-position":"center center","background-size":"auto","background-attachment":"scroll","background-type":"","background-media":"","overlay-type":"","overlay-color":"","overlay-opacity":"","overlay-gradient":""}},"ast-content-background-meta":{"desktop":{"background-color":"var(--ast-global-color-5)","background-image":"","background-repeat":"repeat","background-position":"center center","background-size":"auto","background-attachment":"scroll","background-type":"","background-media":"","overlay-type":"","overlay-color":"","overlay-opacity":"","overlay-gradient":""},"tablet":{"background-color":"var(--ast-global-color-5)","background-image":"","background-repeat":"repeat","background-position":"center center","background-size":"auto","background-attachment":"scroll","background-type":"","background-media":"","overlay-type":"","overlay-color":"","overlay-opacity":"","overlay-gradient":""},"mobile":{"background-color":"var(--ast-global-color-5)","background-image":"","background-repeat":"repeat","background-position":"center center","background-size":"auto","background-attachment":"scroll","background-type":"","background-media":"","overlay-type":"","overlay-color":"","overlay-opacity":"","overlay-gradient":""}},"cybocfi_hide_featured_image":"","footnotes":""},"class_list":["post-1196","page","type-page","status-publish","hentry"],"yoast_head":"<!-- This site is optimized with the Yoast SEO plugin v27.0 - https:\/\/yoast.com\/product\/yoast-seo-wordpress\/ -->\n<title>MATERIJALI - BANOVINA HOROSAN<\/title>\n<meta name=\"description\" content=\"Ovdje se mogu preuzeti materijali za \u0161irenje informacija i dizanje svjesti. Na njima mo\u017eete na\u0107i upute \u0161to, kako, kada i gdje da se radi.\" \/>\n<meta name=\"robots\" content=\"index, follow, max-snippet:-1, max-image-preview:large, max-video-preview:-1\" \/>\n<link rel=\"canonical\" href=\"https:\/\/www.banovinahorosan.com\/?page_id=1196\" \/>\n<meta property=\"og:locale\" content=\"en_US\" \/>\n<meta property=\"og:type\" content=\"article\" \/>\n<meta property=\"og:title\" content=\"Marko Franci\u0161kovi\u0107\" \/>\n<meta property=\"og:description\" content=\"Marko Franci\u0161kovi\u0107 (Karlovac, 1970.), hrvatski je publicist, esejist, ekonomist i prohrvatski politi\u010dki aktivist.\" \/>\n<meta property=\"og:url\" content=\"https:\/\/www.banovinahorosan.com\/?page_id=1196\" \/>\n<meta property=\"og:site_name\" content=\"BANOVINA HOROSAN\" \/>\n<meta property=\"article:modified_time\" content=\"2023-10-25T11:29:52+00:00\" \/>\n<meta property=\"og:image\" content=\"https:\/\/i1.wp.com\/www.banovinahorosan.com\/wp-content\/uploads\/2021\/11\/o_marku_lav.png?fit=1280%2C720&ssl=1\" \/>\n\t<meta property=\"og:image:width\" content=\"1280\" \/>\n\t<meta property=\"og:image:height\" content=\"720\" \/>\n\t<meta property=\"og:image:type\" content=\"image\/png\" \/>\n<meta name=\"twitter:card\" content=\"summary_large_image\" \/>\n<meta name=\"twitter:title\" content=\"Marko Franci\u0161kovi\u0107\" \/>\n<meta name=\"twitter:description\" content=\"Marko Franci\u0161kovi\u0107 (Karlovac, 1970.), hrvatski je publicist, esejist, ekonomist i prohrvatski politi\u010dki aktivist.\" \/>\n<meta name=\"twitter:image\" content=\"https:\/\/www.banovinahorosan.com\/wp-content\/uploads\/2021\/11\/o_marku_lav.png\" \/>\n<meta name=\"twitter:label1\" content=\"Est. reading time\" \/>\n\t<meta name=\"twitter:data1\" content=\"3 minutes\" \/>\n<script type=\"application\/ld+json\" class=\"yoast-schema-graph\">{\"@context\":\"https:\/\/schema.org\",\"@graph\":[{\"@type\":\"WebPage\",\"@id\":\"https:\/\/www.banovinahorosan.com\/?page_id=1196\",\"url\":\"https:\/\/www.banovinahorosan.com\/?page_id=1196\",\"name\":\"MATERIJALI - BANOVINA HOROSAN\",\"isPartOf\":{\"@id\":\"https:\/\/www.banovinahorosan.com\/#website\"},\"datePublished\":\"2021-11-25T10:36:05+00:00\",\"dateModified\":\"2023-10-25T11:29:52+00:00\",\"description\":\"Ovdje se mogu preuzeti materijali za \u0161irenje informacija i dizanje svjesti. Na njima mo\u017eete na\u0107i upute \u0161to, kako, kada i gdje da se radi.\",\"breadcrumb\":{\"@id\":\"https:\/\/www.banovinahorosan.com\/?page_id=1196#breadcrumb\"},\"inLanguage\":\"en-US\",\"potentialAction\":[{\"@type\":\"ReadAction\",\"target\":[\"https:\/\/www.banovinahorosan.com\/?page_id=1196\"]}]},{\"@type\":\"BreadcrumbList\",\"@id\":\"https:\/\/www.banovinahorosan.com\/?page_id=1196#breadcrumb\",\"itemListElement\":[{\"@type\":\"ListItem\",\"position\":1,\"name\":\"Home\",\"item\":\"https:\/\/www.banovinahorosan.com\/\"},{\"@type\":\"ListItem\",\"position\":2,\"name\":\"MATERIJALI\"}]},{\"@type\":\"WebSite\",\"@id\":\"https:\/\/www.banovinahorosan.com\/#website\",\"url\":\"https:\/\/www.banovinahorosan.com\/\",\"name\":\"BANOVINA HOROSAN\",\"description\":\"\",\"publisher\":{\"@id\":\"https:\/\/www.banovinahorosan.com\/#organization\"},\"potentialAction\":[{\"@type\":\"SearchAction\",\"target\":{\"@type\":\"EntryPoint\",\"urlTemplate\":\"https:\/\/www.banovinahorosan.com\/?s={search_term_string}\"},\"query-input\":{\"@type\":\"PropertyValueSpecification\",\"valueRequired\":true,\"valueName\":\"search_term_string\"}}],\"inLanguage\":\"en-US\"},{\"@type\":\"Organization\",\"@id\":\"https:\/\/www.banovinahorosan.com\/#organization\",\"name\":\"BANOVINA HOROSAN\",\"url\":\"https:\/\/www.banovinahorosan.com\/\",\"logo\":{\"@type\":\"ImageObject\",\"inLanguage\":\"en-US\",\"@id\":\"https:\/\/www.banovinahorosan.com\/#\/schema\/logo\/image\/\",\"url\":\"https:\/\/www.banovinahorosan.com\/wp-content\/uploads\/2022\/01\/cropped-LOGO-HEATHER-1-1.png\",\"contentUrl\":\"https:\/\/www.banovinahorosan.com\/wp-content\/uploads\/2022\/01\/cropped-LOGO-HEATHER-1-1.png\",\"width\":3560,\"height\":1218,\"caption\":\"BANOVINA HOROSAN\"},\"image\":{\"@id\":\"https:\/\/www.banovinahorosan.com\/#\/schema\/logo\/image\/\"}}]}<\/script>\n<!-- \/ Yoast SEO plugin. -->","yoast_head_json":{"title":"MATERIJALI - BANOVINA HOROSAN","description":"Ovdje se mogu preuzeti materijali za \u0161irenje informacija i dizanje svjesti. Na njima mo\u017eete na\u0107i upute \u0161to, kako, kada i gdje da se radi.","robots":{"index":"index","follow":"follow","max-snippet":"max-snippet:-1","max-image-preview":"max-image-preview:large","max-video-preview":"max-video-preview:-1"},"canonical":"https:\/\/www.banovinahorosan.com\/?page_id=1196","og_locale":"en_US","og_type":"article","og_title":"Marko Franci\u0161kovi\u0107","og_description":"Marko Franci\u0161kovi\u0107 (Karlovac, 1970.), hrvatski je publicist, esejist, ekonomist i prohrvatski politi\u010dki aktivist.","og_url":"https:\/\/www.banovinahorosan.com\/?page_id=1196","og_site_name":"BANOVINA HOROSAN","article_modified_time":"2023-10-25T11:29:52+00:00","og_image":[{"width":1280,"height":720,"url":"https:\/\/i1.wp.com\/www.banovinahorosan.com\/wp-content\/uploads\/2021\/11\/o_marku_lav.png?fit=1280%2C720&ssl=1","type":"image\/png"}],"twitter_card":"summary_large_image","twitter_title":"Marko Franci\u0161kovi\u0107","twitter_description":"Marko Franci\u0161kovi\u0107 (Karlovac, 1970.), hrvatski je publicist, esejist, ekonomist i prohrvatski politi\u010dki aktivist.","twitter_image":"https:\/\/www.banovinahorosan.com\/wp-content\/uploads\/2021\/11\/o_marku_lav.png","twitter_misc":{"Est. reading time":"3 minutes"},"schema":{"@context":"https:\/\/schema.org","@graph":[{"@type":"WebPage","@id":"https:\/\/www.banovinahorosan.com\/?page_id=1196","url":"https:\/\/www.banovinahorosan.com\/?page_id=1196","name":"MATERIJALI - BANOVINA HOROSAN","isPartOf":{"@id":"https:\/\/www.banovinahorosan.com\/#website"},"datePublished":"2021-11-25T10:36:05+00:00","dateModified":"2023-10-25T11:29:52+00:00","description":"Ovdje se mogu preuzeti materijali za \u0161irenje informacija i dizanje svjesti. Na njima mo\u017eete na\u0107i upute \u0161to, kako, kada i gdje da se radi.","breadcrumb":{"@id":"https:\/\/www.banovinahorosan.com\/?page_id=1196#breadcrumb"},"inLanguage":"en-US","potentialAction":[{"@type":"ReadAction","target":["https:\/\/www.banovinahorosan.com\/?page_id=1196"]}]},{"@type":"BreadcrumbList","@id":"https:\/\/www.banovinahorosan.com\/?page_id=1196#breadcrumb","itemListElement":[{"@type":"ListItem","position":1,"name":"Home","item":"https:\/\/www.banovinahorosan.com\/"},{"@type":"ListItem","position":2,"name":"MATERIJALI"}]},{"@type":"WebSite","@id":"https:\/\/www.banovinahorosan.com\/#website","url":"https:\/\/www.banovinahorosan.com\/","name":"BANOVINA HOROSAN","description":"","publisher":{"@id":"https:\/\/www.banovinahorosan.com\/#organization"},"potentialAction":[{"@type":"SearchAction","target":{"@type":"EntryPoint","urlTemplate":"https:\/\/www.banovinahorosan.com\/?s={search_term_string}"},"query-input":{"@type":"PropertyValueSpecification","valueRequired":true,"valueName":"search_term_string"}}],"inLanguage":"en-US"},{"@type":"Organization","@id":"https:\/\/www.banovinahorosan.com\/#organization","name":"BANOVINA HOROSAN","url":"https:\/\/www.banovinahorosan.com\/","logo":{"@type":"ImageObject","inLanguage":"en-US","@id":"https:\/\/www.banovinahorosan.com\/#\/schema\/logo\/image\/","url":"https:\/\/www.banovinahorosan.com\/wp-content\/uploads\/2022\/01\/cropped-LOGO-HEATHER-1-1.png","contentUrl":"https:\/\/www.banovinahorosan.com\/wp-content\/uploads\/2022\/01\/cropped-LOGO-HEATHER-1-1.png","width":3560,"height":1218,"caption":"BANOVINA HOROSAN"},"image":{"@id":"https:\/\/www.banovinahorosan.com\/#\/schema\/logo\/image\/"}}]}},"uagb_featured_image_src":{"full":false,"thumbnail":false,"medium":false,"medium_large":false,"large":false,"1536x1536":false,"2048x2048":false},"uagb_author_info":{"display_name":"josip","author_link":"https:\/\/www.banovinahorosan.com\/?author=1"},"uagb_comment_info":0,"uagb_excerpt":"DOGA\u0110AJI","jetpack_sharing_enabled":true,"jetpack-related-posts":[],"_links":{"self":[{"href":"https:\/\/www.banovinahorosan.com\/index.php?rest_route=\/wp\/v2\/pages\/1196","targetHints":{"allow":["GET"]}}],"collection":[{"href":"https:\/\/www.banovinahorosan.com\/index.php?rest_route=\/wp\/v2\/pages"}],"about":[{"href":"https:\/\/www.banovinahorosan.com\/index.php?rest_route=\/wp\/v2\/types\/page"}],"author":[{"embeddable":true,"href":"https:\/\/www.banovinahorosan.com\/index.php?rest_route=\/wp\/v2\/users\/1"}],"replies":[{"embeddable":true,"href":"https:\/\/www.banovinahorosan.com\/index.php?rest_route=%2Fwp%2Fv2%2Fcomments&post=1196"}],"version-history":[{"count":97,"href":"https:\/\/www.banovinahorosan.com\/index.php?rest_route=\/wp\/v2\/pages\/1196\/revisions"}],"predecessor-version":[{"id":4335,"href":"https:\/\/www.banovinahorosan.com\/index.php?rest_route=\/wp\/v2\/pages\/1196\/revisions\/4335"}],"wp:attachment":[{"href":"https:\/\/www.banovinahorosan.com\/index.php?rest_route=%2Fwp%2Fv2%2Fmedia&parent=1196"}],"curies":[{"name":"wp","href":"https:\/\/api.w.org\/{rel}","templated":true}]}}