{"id":1221,"date":"2021-11-25T12:29:45","date_gmt":"2021-11-25T11:29:45","guid":{"rendered":"https:\/\/www.banovinahorosan.com\/wordpress\/?page_id=1221"},"modified":"2026-03-01T21:13:20","modified_gmt":"2026-03-01T20:13:20","slug":"donacije","status":"publish","type":"page","link":"https:\/\/www.banovinahorosan.com\/?page_id=1221","title":{"rendered":"DONACIJE"},"content":{"rendered":"<h2>DONACIJE<\/h2>\n<h2>VELIKO HVALA SVIMA NA VA\u0160OJ PODR\u0160CI I DONACIJAMA<\/h2>\n<p style=\"text-align: center;\">Ukoliko \u017eelite podr\u017eati Marka u njegovom djelovanju i radu, <\/p>\n<p style=\"text-align: center;\"><strong>to najbolje mo\u017eete u\u010diniti kupovinom i \u010ditanjem i dijeljenjem Markovih knjiga<\/strong>. <\/p>\n<p style=\"text-align: center;\">Sve su knjige <a style=\"color: #ff0000;\" href=\"https:\/\/www.banovinahorosan.com\/?page_id=908\">besplatno dostupne na odjeljku web stranice KNJIGE<\/a>, <\/p>\n<p style=\"text-align: center;\"><strong>Fizi\u010dke kopije je mogu\u0107e naru\u010diti preko poruke na facebook stranici<\/strong><\/p>\n<p style=\"text-align: center;\"><strong><a style=\"font-style: normal; font-weight: 400; font-size: 24px; color: #3a3a3a;\" href=\"https:\/\/web.facebook.com\/BanovinaHorosan\">BANOVINA HOROSAN<\/a><\/strong><\/p>\n<p style=\"text-align: center;\">ili putem maila <strong>banovina.podrska@gmail.com<\/strong><\/p>\n<h3>SVOJE DONACIJE MO\u017dETE POSLATI:<\/h3>\n<h3>PUTEM BANKOVNOG RA\u010cUNA<\/h3>\n<p style=\"text-align: center;\">IBAN: HR4123600003241498587<\/p>\n<p style=\"text-align: center;\"><img decoding=\"async\" src=\"https:\/\/www.banovinahorosan.com\/wp-content\/uploads\/2025\/03\/kod-tekuceg-racuna-ivona-300x102.jpg\" alt=\"\" width=\"300\" height=\"102\" \/><\/p>\n<p style=\"text-align: center;\">SWIFT: ZABAHR2X<br \/>S naznakom primatelja: Marko Franci\u0161kovi\u0107 ili Lana Ujdenica, administrator \u0107e mo\u0107i proslijediti va\u0161e uplate obitelji Franci\u0161kovi\u0107. Ukoliko vam banka blokira uplatu, po\u0161aljite nam mail na banovina.podrska@gmail.com, da popunimo podatke za uplatu.<\/p>\n<h3>PUTEM PATREONA<\/h3>\n<p>\t\t\t\t\t\t\t\t\t\t\t\t\t\t\t\t<a href=\"https:\/\/www.patreon.com\/MarkoIFranciskovic\"><br \/>\n\t\t\t\t\t\t\t<img fetchpriority=\"high\" decoding=\"async\" width=\"836\" height=\"451\" src=\"https:\/\/www.banovinahorosan.com\/wp-content\/uploads\/2023\/06\/sdvsdsdvsdsd.jpg\" alt=\"\" srcset=\"https:\/\/www.banovinahorosan.com\/wp-content\/uploads\/2023\/06\/sdvsdsdvsdsd.jpg 836w, https:\/\/www.banovinahorosan.com\/wp-content\/uploads\/2023\/06\/sdvsdsdvsdsd-300x162.jpg 300w, https:\/\/www.banovinahorosan.com\/wp-content\/uploads\/2023\/06\/sdvsdsdvsdsd-768x414.jpg 768w\" sizes=\"(max-width: 836px) 100vw, 836px\" \/>\t\t\t\t\t\t\t\t<\/a><\/p>\n<p style=\"text-align: center;\">PAYPAL<\/p>\n<p style=\"text-align: center;\"><a href=\"https:\/\/www.paypal.com\/paypalme\/LanaUjdenica\">https:\/\/www.paypal.com\/paypalme\/LanaUjdenica<\/a><\/p>\n<p style=\"text-align: center;\">WESTERN UNION<\/p>\n<p style=\"text-align: center;\">Za podatke o uplati javite se na e-mail: banovina.podrska@gmail.com<\/p>\n<h3>BITCOIN<\/h3>\n<p>\t\t\t\t\t\t\t\t\t\t\t\t\t\t\t<img decoding=\"async\" width=\"150\" height=\"150\" src=\"https:\/\/www.banovinahorosan.com\/wp-content\/uploads\/2023\/06\/bbbbbb-150x150.png\" alt=\"\" srcset=\"https:\/\/www.banovinahorosan.com\/wp-content\/uploads\/2023\/06\/bbbbbb-150x150.png 150w, https:\/\/www.banovinahorosan.com\/wp-content\/uploads\/2023\/06\/bbbbbb-300x300.png 300w, https:\/\/www.banovinahorosan.com\/wp-content\/uploads\/2023\/06\/bbbbbb-1024x1024.png 1024w, https:\/\/www.banovinahorosan.com\/wp-content\/uploads\/2023\/06\/bbbbbb-768x768.png 768w, https:\/\/www.banovinahorosan.com\/wp-content\/uploads\/2023\/06\/bbbbbb.png 1200w\" sizes=\"(max-width: 150px) 100vw, 150px\" \/>\t\t\t\t\t\t\t\t\t\t\t\t\t\t\t<\/p>\n<p style=\"text-align: center;\">Bitcoin (BTC) Address: bc1q25rep6ef43kyx7whldl8hs48aefh43860kf2sc<\/p>\n<p>\t\t\t\t\t\t\t\t\t\t\t\t\t\t\t<img loading=\"lazy\" decoding=\"async\" width=\"1274\" height=\"587\" src=\"https:\/\/www.banovinahorosan.com\/wp-content\/uploads\/2023\/09\/hvala-na-podrsci.jpg\" alt=\"\" srcset=\"https:\/\/www.banovinahorosan.com\/wp-content\/uploads\/2023\/09\/hvala-na-podrsci.jpg 1274w, https:\/\/www.banovinahorosan.com\/wp-content\/uploads\/2023\/09\/hvala-na-podrsci-300x138.jpg 300w, https:\/\/www.banovinahorosan.com\/wp-content\/uploads\/2023\/09\/hvala-na-podrsci-1024x472.jpg 1024w, https:\/\/www.banovinahorosan.com\/wp-content\/uploads\/2023\/09\/hvala-na-podrsci-768x354.jpg 768w\" sizes=\"(max-width: 1274px) 100vw, 1274px\" \/><\/p>\n","protected":false},"excerpt":{"rendered":"<p>DONACIJE VELIKO HVALA SVIMA NA VA\u0160OJ PODR\u0160CI I DONACIJAMA Ukoliko \u017eelite podr\u017eati Marka u njegovom djelovanju i radu, to najbolje mo\u017eete u\u010diniti kupovinom i \u010ditanjem i dijeljenjem Markovih knjiga. Sve su knjige besplatno dostupne na odjeljku web stranice KNJIGE, Fizi\u010dke kopije je mogu\u0107e naru\u010diti preko poruke na facebook stranici BANOVINA HOROSAN ili putem maila banovina.podrska@gmail.com [&hellip;]<\/p>\n","protected":false},"author":1,"featured_media":0,"parent":0,"menu_order":0,"comment_status":"closed","ping_status":"closed","template":"","meta":{"_uag_custom_page_level_css":"","site-sidebar-layout":"no-sidebar","site-content-layout":"page-builder","ast-site-content-layout":"full-width-container","site-content-style":"unboxed","site-sidebar-style":"unboxed","ast-global-header-display":"","ast-banner-title-visibility":"","ast-main-header-display":"","ast-hfb-above-header-display":"","ast-hfb-below-header-display":"","ast-hfb-mobile-header-display":"","site-post-title":"disabled","ast-breadcrumbs-content":"","ast-featured-img":"disabled","footer-sml-layout":"","ast-disable-related-posts":"","theme-transparent-header-meta":"enabled","adv-header-id-meta":"","stick-header-meta":"","header-above-stick-meta":"","header-main-stick-meta":"","header-below-stick-meta":"","astra-migrate-meta-layouts":"set","ast-page-background-enabled":"default","ast-page-background-meta":{"desktop":{"background-color":"","background-image":"","background-repeat":"repeat","background-position":"center center","background-size":"auto","background-attachment":"scroll","background-type":"","background-media":"","overlay-type":"","overlay-color":"","overlay-opacity":"","overlay-gradient":""},"tablet":{"background-color":"","background-image":"","background-repeat":"repeat","background-position":"center center","background-size":"auto","background-attachment":"scroll","background-type":"","background-media":"","overlay-type":"","overlay-color":"","overlay-opacity":"","overlay-gradient":""},"mobile":{"background-color":"","background-image":"","background-repeat":"repeat","background-position":"center center","background-size":"auto","background-attachment":"scroll","background-type":"","background-media":"","overlay-type":"","overlay-color":"","overlay-opacity":"","overlay-gradient":""}},"ast-content-background-meta":{"desktop":{"background-color":"var(--ast-global-color-5)","background-image":"","background-repeat":"repeat","background-position":"center center","background-size":"auto","background-attachment":"scroll","background-type":"","background-media":"","overlay-type":"","overlay-color":"","overlay-opacity":"","overlay-gradient":""},"tablet":{"background-color":"var(--ast-global-color-5)","background-image":"","background-repeat":"repeat","background-position":"center center","background-size":"auto","background-attachment":"scroll","background-type":"","background-media":"","overlay-type":"","overlay-color":"","overlay-opacity":"","overlay-gradient":""},"mobile":{"background-color":"var(--ast-global-color-5)","background-image":"","background-repeat":"repeat","background-position":"center center","background-size":"auto","background-attachment":"scroll","background-type":"","background-media":"","overlay-type":"","overlay-color":"","overlay-opacity":"","overlay-gradient":""}},"cybocfi_hide_featured_image":"","footnotes":""},"class_list":["post-1221","page","type-page","status-publish","hentry"],"yoast_head":"<!-- This site is optimized with the Yoast SEO plugin v27.0 - https:\/\/yoast.com\/product\/yoast-seo-wordpress\/ -->\n<title>DONACIJE - BANOVINA HOROSAN<\/title>\n<meta name=\"description\" content=\"Svaka va\u0161a pomo\u0107 doprinijeti \u0107e boljem radu i organizaciji. Primaju se donacije uplatom na ra\u010dun, patreon ili osobno.\" \/>\n<meta name=\"robots\" content=\"index, follow, max-snippet:-1, max-image-preview:large, max-video-preview:-1\" \/>\n<link rel=\"canonical\" href=\"https:\/\/www.banovinahorosan.com\/?page_id=1221\" \/>\n<meta property=\"og:locale\" content=\"en_US\" \/>\n<meta property=\"og:type\" content=\"article\" \/>\n<meta property=\"og:title\" content=\"Marko Franci\u0161kovi\u0107\" \/>\n<meta property=\"og:description\" content=\"Marko Franci\u0161kovi\u0107 (Karlovac, 1970.), hrvatski je publicist, esejist, ekonomist i prohrvatski politi\u010dki aktivist.\" \/>\n<meta property=\"og:url\" content=\"https:\/\/www.banovinahorosan.com\/?page_id=1221\" \/>\n<meta property=\"og:site_name\" content=\"BANOVINA HOROSAN\" \/>\n<meta property=\"article:modified_time\" content=\"2026-03-01T20:13:20+00:00\" \/>\n<meta property=\"og:image\" content=\"https:\/\/www.banovinahorosan.com\/wp-content\/uploads\/2021\/11\/o_marku_lav.png\" \/>\n\t<meta property=\"og:image:width\" content=\"1280\" \/>\n\t<meta property=\"og:image:height\" content=\"720\" \/>\n\t<meta property=\"og:image:type\" content=\"image\/png\" \/>\n<meta name=\"twitter:card\" content=\"summary_large_image\" \/>\n<meta name=\"twitter:title\" content=\"Marko Franci\u0161kovi\u0107\" \/>\n<meta name=\"twitter:description\" content=\"Marko Franci\u0161kovi\u0107 (Karlovac, 1970.), hrvatski je publicist, esejist, ekonomist i prohrvatski politi\u010dki aktivist.\" \/>\n<meta name=\"twitter:image\" content=\"https:\/\/www.banovinahorosan.com\/wp-content\/uploads\/2021\/11\/o_marku_lav.png\" \/>\n<meta name=\"twitter:label1\" content=\"Est. reading time\" \/>\n\t<meta name=\"twitter:data1\" content=\"2 minutes\" \/>\n<script type=\"application\/ld+json\" class=\"yoast-schema-graph\">{\"@context\":\"https:\/\/schema.org\",\"@graph\":[{\"@type\":\"WebPage\",\"@id\":\"https:\/\/www.banovinahorosan.com\/?page_id=1221\",\"url\":\"https:\/\/www.banovinahorosan.com\/?page_id=1221\",\"name\":\"DONACIJE - BANOVINA HOROSAN\",\"isPartOf\":{\"@id\":\"https:\/\/www.banovinahorosan.com\/#website\"},\"primaryImageOfPage\":{\"@id\":\"https:\/\/www.banovinahorosan.com\/?page_id=1221#primaryimage\"},\"image\":{\"@id\":\"https:\/\/www.banovinahorosan.com\/?page_id=1221#primaryimage\"},\"thumbnailUrl\":\"https:\/\/www.banovinahorosan.com\/wp-content\/uploads\/2025\/03\/kod-tekuceg-racuna-ivona-300x102.jpg\",\"datePublished\":\"2021-11-25T11:29:45+00:00\",\"dateModified\":\"2026-03-01T20:13:20+00:00\",\"description\":\"Svaka va\u0161a pomo\u0107 doprinijeti \u0107e boljem radu i organizaciji. Primaju se donacije uplatom na ra\u010dun, patreon ili osobno.\",\"breadcrumb\":{\"@id\":\"https:\/\/www.banovinahorosan.com\/?page_id=1221#breadcrumb\"},\"inLanguage\":\"en-US\",\"potentialAction\":[{\"@type\":\"ReadAction\",\"target\":[\"https:\/\/www.banovinahorosan.com\/?page_id=1221\"]}]},{\"@type\":\"ImageObject\",\"inLanguage\":\"en-US\",\"@id\":\"https:\/\/www.banovinahorosan.com\/?page_id=1221#primaryimage\",\"url\":\"https:\/\/www.banovinahorosan.com\/wp-content\/uploads\/2025\/03\/kod-tekuceg-racuna-ivona.jpg\",\"contentUrl\":\"https:\/\/www.banovinahorosan.com\/wp-content\/uploads\/2025\/03\/kod-tekuceg-racuna-ivona.jpg\",\"width\":572,\"height\":194},{\"@type\":\"BreadcrumbList\",\"@id\":\"https:\/\/www.banovinahorosan.com\/?page_id=1221#breadcrumb\",\"itemListElement\":[{\"@type\":\"ListItem\",\"position\":1,\"name\":\"Home\",\"item\":\"https:\/\/www.banovinahorosan.com\/\"},{\"@type\":\"ListItem\",\"position\":2,\"name\":\"DONACIJE\"}]},{\"@type\":\"WebSite\",\"@id\":\"https:\/\/www.banovinahorosan.com\/#website\",\"url\":\"https:\/\/www.banovinahorosan.com\/\",\"name\":\"BANOVINA HOROSAN\",\"description\":\"\",\"publisher\":{\"@id\":\"https:\/\/www.banovinahorosan.com\/#organization\"},\"potentialAction\":[{\"@type\":\"SearchAction\",\"target\":{\"@type\":\"EntryPoint\",\"urlTemplate\":\"https:\/\/www.banovinahorosan.com\/?s={search_term_string}\"},\"query-input\":{\"@type\":\"PropertyValueSpecification\",\"valueRequired\":true,\"valueName\":\"search_term_string\"}}],\"inLanguage\":\"en-US\"},{\"@type\":\"Organization\",\"@id\":\"https:\/\/www.banovinahorosan.com\/#organization\",\"name\":\"BANOVINA HOROSAN\",\"url\":\"https:\/\/www.banovinahorosan.com\/\",\"logo\":{\"@type\":\"ImageObject\",\"inLanguage\":\"en-US\",\"@id\":\"https:\/\/www.banovinahorosan.com\/#\/schema\/logo\/image\/\",\"url\":\"https:\/\/www.banovinahorosan.com\/wp-content\/uploads\/2022\/01\/cropped-LOGO-HEATHER-1-1.png\",\"contentUrl\":\"https:\/\/www.banovinahorosan.com\/wp-content\/uploads\/2022\/01\/cropped-LOGO-HEATHER-1-1.png\",\"width\":3560,\"height\":1218,\"caption\":\"BANOVINA HOROSAN\"},\"image\":{\"@id\":\"https:\/\/www.banovinahorosan.com\/#\/schema\/logo\/image\/\"}}]}<\/script>\n<!-- \/ Yoast SEO plugin. -->","yoast_head_json":{"title":"DONACIJE - BANOVINA HOROSAN","description":"Svaka va\u0161a pomo\u0107 doprinijeti \u0107e boljem radu i organizaciji. Primaju se donacije uplatom na ra\u010dun, patreon ili osobno.","robots":{"index":"index","follow":"follow","max-snippet":"max-snippet:-1","max-image-preview":"max-image-preview:large","max-video-preview":"max-video-preview:-1"},"canonical":"https:\/\/www.banovinahorosan.com\/?page_id=1221","og_locale":"en_US","og_type":"article","og_title":"Marko Franci\u0161kovi\u0107","og_description":"Marko Franci\u0161kovi\u0107 (Karlovac, 1970.), hrvatski je publicist, esejist, ekonomist i prohrvatski politi\u010dki aktivist.","og_url":"https:\/\/www.banovinahorosan.com\/?page_id=1221","og_site_name":"BANOVINA HOROSAN","article_modified_time":"2026-03-01T20:13:20+00:00","og_image":[{"width":1280,"height":720,"url":"https:\/\/www.banovinahorosan.com\/wp-content\/uploads\/2021\/11\/o_marku_lav.png","type":"image\/png"}],"twitter_card":"summary_large_image","twitter_title":"Marko Franci\u0161kovi\u0107","twitter_description":"Marko Franci\u0161kovi\u0107 (Karlovac, 1970.), hrvatski je publicist, esejist, ekonomist i prohrvatski politi\u010dki aktivist.","twitter_image":"https:\/\/www.banovinahorosan.com\/wp-content\/uploads\/2021\/11\/o_marku_lav.png","twitter_misc":{"Est. reading time":"2 minutes"},"schema":{"@context":"https:\/\/schema.org","@graph":[{"@type":"WebPage","@id":"https:\/\/www.banovinahorosan.com\/?page_id=1221","url":"https:\/\/www.banovinahorosan.com\/?page_id=1221","name":"DONACIJE - BANOVINA HOROSAN","isPartOf":{"@id":"https:\/\/www.banovinahorosan.com\/#website"},"primaryImageOfPage":{"@id":"https:\/\/www.banovinahorosan.com\/?page_id=1221#primaryimage"},"image":{"@id":"https:\/\/www.banovinahorosan.com\/?page_id=1221#primaryimage"},"thumbnailUrl":"https:\/\/www.banovinahorosan.com\/wp-content\/uploads\/2025\/03\/kod-tekuceg-racuna-ivona-300x102.jpg","datePublished":"2021-11-25T11:29:45+00:00","dateModified":"2026-03-01T20:13:20+00:00","description":"Svaka va\u0161a pomo\u0107 doprinijeti \u0107e boljem radu i organizaciji. Primaju se donacije uplatom na ra\u010dun, patreon ili osobno.","breadcrumb":{"@id":"https:\/\/www.banovinahorosan.com\/?page_id=1221#breadcrumb"},"inLanguage":"en-US","potentialAction":[{"@type":"ReadAction","target":["https:\/\/www.banovinahorosan.com\/?page_id=1221"]}]},{"@type":"ImageObject","inLanguage":"en-US","@id":"https:\/\/www.banovinahorosan.com\/?page_id=1221#primaryimage","url":"https:\/\/www.banovinahorosan.com\/wp-content\/uploads\/2025\/03\/kod-tekuceg-racuna-ivona.jpg","contentUrl":"https:\/\/www.banovinahorosan.com\/wp-content\/uploads\/2025\/03\/kod-tekuceg-racuna-ivona.jpg","width":572,"height":194},{"@type":"BreadcrumbList","@id":"https:\/\/www.banovinahorosan.com\/?page_id=1221#breadcrumb","itemListElement":[{"@type":"ListItem","position":1,"name":"Home","item":"https:\/\/www.banovinahorosan.com\/"},{"@type":"ListItem","position":2,"name":"DONACIJE"}]},{"@type":"WebSite","@id":"https:\/\/www.banovinahorosan.com\/#website","url":"https:\/\/www.banovinahorosan.com\/","name":"BANOVINA HOROSAN","description":"","publisher":{"@id":"https:\/\/www.banovinahorosan.com\/#organization"},"potentialAction":[{"@type":"SearchAction","target":{"@type":"EntryPoint","urlTemplate":"https:\/\/www.banovinahorosan.com\/?s={search_term_string}"},"query-input":{"@type":"PropertyValueSpecification","valueRequired":true,"valueName":"search_term_string"}}],"inLanguage":"en-US"},{"@type":"Organization","@id":"https:\/\/www.banovinahorosan.com\/#organization","name":"BANOVINA HOROSAN","url":"https:\/\/www.banovinahorosan.com\/","logo":{"@type":"ImageObject","inLanguage":"en-US","@id":"https:\/\/www.banovinahorosan.com\/#\/schema\/logo\/image\/","url":"https:\/\/www.banovinahorosan.com\/wp-content\/uploads\/2022\/01\/cropped-LOGO-HEATHER-1-1.png","contentUrl":"https:\/\/www.banovinahorosan.com\/wp-content\/uploads\/2022\/01\/cropped-LOGO-HEATHER-1-1.png","width":3560,"height":1218,"caption":"BANOVINA HOROSAN"},"image":{"@id":"https:\/\/www.banovinahorosan.com\/#\/schema\/logo\/image\/"}}]}},"uagb_featured_image_src":{"full":false,"thumbnail":false,"medium":false,"medium_large":false,"large":false,"1536x1536":false,"2048x2048":false},"uagb_author_info":{"display_name":"josip","author_link":"https:\/\/www.banovinahorosan.com\/?author=1"},"uagb_comment_info":0,"uagb_excerpt":"DONACIJE VELIKO HVALA SVIMA NA VA\u0160OJ PODR\u0160CI I DONACIJAMA Ukoliko \u017eelite podr\u017eati Marka u njegovom djelovanju i radu, to najbolje mo\u017eete u\u010diniti kupovinom i \u010ditanjem i dijeljenjem Markovih knjiga. Sve su knjige besplatno dostupne na odjeljku web stranice KNJIGE, Fizi\u010dke kopije je mogu\u0107e naru\u010diti preko poruke na facebook stranici BANOVINA HOROSAN ili putem maila banovina.podrska@gmail.com&hellip;","jetpack_sharing_enabled":true,"jetpack-related-posts":[],"_links":{"self":[{"href":"https:\/\/www.banovinahorosan.com\/index.php?rest_route=\/wp\/v2\/pages\/1221","targetHints":{"allow":["GET"]}}],"collection":[{"href":"https:\/\/www.banovinahorosan.com\/index.php?rest_route=\/wp\/v2\/pages"}],"about":[{"href":"https:\/\/www.banovinahorosan.com\/index.php?rest_route=\/wp\/v2\/types\/page"}],"author":[{"embeddable":true,"href":"https:\/\/www.banovinahorosan.com\/index.php?rest_route=\/wp\/v2\/users\/1"}],"replies":[{"embeddable":true,"href":"https:\/\/www.banovinahorosan.com\/index.php?rest_route=%2Fwp%2Fv2%2Fcomments&post=1221"}],"version-history":[{"count":163,"href":"https:\/\/www.banovinahorosan.com\/index.php?rest_route=\/wp\/v2\/pages\/1221\/revisions"}],"predecessor-version":[{"id":5235,"href":"https:\/\/www.banovinahorosan.com\/index.php?rest_route=\/wp\/v2\/pages\/1221\/revisions\/5235"}],"wp:attachment":[{"href":"https:\/\/www.banovinahorosan.com\/index.php?rest_route=%2Fwp%2Fv2%2Fmedia&parent=1221"}],"curies":[{"name":"wp","href":"https:\/\/api.w.org\/{rel}","templated":true}]}}